{"id":2243,"date":"2025-02-13T19:38:34","date_gmt":"2025-02-13T22:38:34","guid":{"rendered":"https:\/\/magonchat.com.br\/assinaturas\/?post_type=product&#038;p=2243"},"modified":"2025-08-18T09:58:13","modified_gmt":"2025-08-18T12:58:13","slug":"intermediario-2924","status":"publish","type":"product","link":"https:\/\/magonchat.com.br\/assinaturas\/produto\/intermediario-2924\/","title":{"rendered":"Plano Intermedi\u00e1rio | Mensal &#8211; [Pre\u00e7o Especial 2024]"},"content":{"rendered":"<h3>CRM WhatsApp M\u00faltiplos Usu\u00e1rios<\/h3>\n<p>Automatize seu Atendimento no WhatsApp e Transforme Conversas em Vendas!<\/p>\n<ul>\n<li>Atendimento ininterrupto para seus clientes.<\/li>\n<li>Todas as mensagens em um \u00fanico n\u00famero de WhatsApp.<\/li>\n<li>Chatbots e respostas r\u00e1pidas para agilizar o atendimento.<\/li>\n<\/ul>\n<h3>Experimente a Revolu\u00e7\u00e3o no Atendimento com magonChat<\/h3>\n<p>Maximize seu atendimento com nossa solu\u00e7\u00e3o completa: <strong>automa\u00e7\u00e3o inteligente, CRM Kanban integrado, e disparo de mensagens em massa. <\/strong><\/p>\n<p>Organize, automatize e engaje seus clientes com efici\u00eancia, tudo em um \u00fanico local e n\u00famero de WhatsApp.<\/p>\n","protected":false},"excerpt":{"rendered":"<p>O magONchat CRM \u00e9 uma solu\u00e7\u00e3o completa para atendimento via WhatsApp, que organiza seus contatos, automatiza mensagens e integra setores em um \u00fanico n\u00famero. Ideal para empresas que desejam aumentar vendas, agilizar o atendimento e manter tudo centralizado com recursos como CRM Kanban, disparos em massa e suporte personalizado.<\/p>\n","protected":false},"featured_media":1021,"comment_status":"open","ping_status":"closed","template":"","meta":[],"product_brand":[],"product_cat":[31],"product_tag":[40,35],"class_list":{"0":"post-2243","1":"product","2":"type-product","3":"status-publish","4":"has-post-thumbnail","6":"product_cat-sem-categoria","7":"product_tag-intermediario","8":"product_tag-mensal","10":"first","11":"instock","12":"sale","13":"virtual","14":"purchasable","15":"product-type-simple"},"yoast_head":"<!-- This site is optimized with the Yoast SEO plugin v26.3 - https:\/\/yoast.com\/wordpress\/plugins\/seo\/ -->\n<title>Plano Intermedi\u00e1rio | Mensal - [Pre\u00e7o Especial 2024] - magonChat CRM WhatsApp e Automa\u00e7\u00f5es Inteligentes<\/title>\n<meta name=\"robots\" content=\"index, follow, max-snippet:-1, max-image-preview:large, max-video-preview:-1\" \/>\n<link rel=\"canonical\" href=\"https:\/\/magonchat.com.br\/assinaturas\/produto\/intermediario-2924\/\" \/>\n<meta property=\"og:locale\" content=\"pt_BR\" \/>\n<meta property=\"og:type\" content=\"article\" \/>\n<meta property=\"og:title\" content=\"Plano Intermedi\u00e1rio | Mensal - [Pre\u00e7o Especial 2024] - magonChat CRM WhatsApp e Automa\u00e7\u00f5es Inteligentes\" \/>\n<meta property=\"og:description\" content=\"O magONchat CRM \u00e9 uma solu\u00e7\u00e3o completa para atendimento via WhatsApp, que organiza seus contatos, automatiza mensagens e integra setores em um \u00fanico n\u00famero. Ideal para empresas que desejam aumentar vendas, agilizar o atendimento e manter tudo centralizado com recursos como CRM Kanban, disparos em massa e suporte personalizado.\" \/>\n<meta property=\"og:url\" content=\"https:\/\/magonchat.com.br\/assinaturas\/produto\/intermediario-2924\/\" \/>\n<meta property=\"og:site_name\" content=\"magonChat CRM WhatsApp e Automa\u00e7\u00f5es Inteligentes\" \/>\n<meta property=\"article:modified_time\" content=\"2025-08-18T12:58:13+00:00\" \/>\n<meta property=\"og:image\" content=\"https:\/\/magonchat.com.br\/assinaturas\/wp-content\/uploads\/2024\/12\/planos-magonchat.png\" \/>\n\t<meta property=\"og:image:width\" content=\"1000\" \/>\n\t<meta property=\"og:image:height\" content=\"1000\" \/>\n\t<meta property=\"og:image:type\" content=\"image\/png\" \/>\n<meta name=\"twitter:card\" content=\"summary_large_image\" \/>\n<meta name=\"twitter:label1\" content=\"Est. tempo de leitura\" \/>\n\t<meta name=\"twitter:data1\" content=\"1 minuto\" \/>\n<script type=\"application\/ld+json\" class=\"yoast-schema-graph\">{\"@context\":\"https:\/\/schema.org\",\"@graph\":[{\"@type\":\"WebPage\",\"@id\":\"https:\/\/magonchat.com.br\/assinaturas\/produto\/intermediario-2924\/\",\"url\":\"https:\/\/magonchat.com.br\/assinaturas\/produto\/intermediario-2924\/\",\"name\":\"Plano Intermedi\u00e1rio | Mensal - [Pre\u00e7o Especial 2024] - magonChat CRM WhatsApp e Automa\u00e7\u00f5es Inteligentes\",\"isPartOf\":{\"@id\":\"https:\/\/magonchat.com.br\/assinaturas\/#website\"},\"primaryImageOfPage\":{\"@id\":\"https:\/\/magonchat.com.br\/assinaturas\/produto\/intermediario-2924\/#primaryimage\"},\"image\":{\"@id\":\"https:\/\/magonchat.com.br\/assinaturas\/produto\/intermediario-2924\/#primaryimage\"},\"thumbnailUrl\":\"https:\/\/magonchat.com.br\/assinaturas\/wp-content\/uploads\/2024\/12\/planos-magonchat.png\",\"datePublished\":\"2025-02-13T22:38:34+00:00\",\"dateModified\":\"2025-08-18T12:58:13+00:00\",\"breadcrumb\":{\"@id\":\"https:\/\/magonchat.com.br\/assinaturas\/produto\/intermediario-2924\/#breadcrumb\"},\"inLanguage\":\"pt-BR\",\"potentialAction\":[{\"@type\":\"ReadAction\",\"target\":[\"https:\/\/magonchat.com.br\/assinaturas\/produto\/intermediario-2924\/\"]}]},{\"@type\":\"ImageObject\",\"inLanguage\":\"pt-BR\",\"@id\":\"https:\/\/magonchat.com.br\/assinaturas\/produto\/intermediario-2924\/#primaryimage\",\"url\":\"https:\/\/magonchat.com.br\/assinaturas\/wp-content\/uploads\/2024\/12\/planos-magonchat.png\",\"contentUrl\":\"https:\/\/magonchat.com.br\/assinaturas\/wp-content\/uploads\/2024\/12\/planos-magonchat.png\",\"width\":1000,\"height\":1000,\"caption\":\"magonChat CRM WhatsApp e Automa\u00e7\u00f5es Inteligentes\"},{\"@type\":\"BreadcrumbList\",\"@id\":\"https:\/\/magonchat.com.br\/assinaturas\/produto\/intermediario-2924\/#breadcrumb\",\"itemListElement\":[{\"@type\":\"ListItem\",\"position\":1,\"name\":\"In\u00edcio\",\"item\":\"https:\/\/magonchat.com.br\/assinaturas\/\"},{\"@type\":\"ListItem\",\"position\":2,\"name\":\"magONchat CRM WhatsApp | Loja Virtual\",\"item\":\"https:\/\/magonchat.com.br\/assinaturas\/loja\/\"},{\"@type\":\"ListItem\",\"position\":3,\"name\":\"Plano Intermedi\u00e1rio | Mensal &#8211; [Pre\u00e7o Especial 2024]\"}]},{\"@type\":\"WebSite\",\"@id\":\"https:\/\/magonchat.com.br\/assinaturas\/#website\",\"url\":\"https:\/\/magonchat.com.br\/assinaturas\/\",\"name\":\"magonChat CRM WhatsApp e Automa\u00e7\u00f5es Inteligentes\",\"description\":\"Automatize seu Atendimento no WhatsApp e Transforme Conversas em Vendas!\",\"publisher\":{\"@id\":\"https:\/\/magonchat.com.br\/assinaturas\/#organization\"},\"potentialAction\":[{\"@type\":\"SearchAction\",\"target\":{\"@type\":\"EntryPoint\",\"urlTemplate\":\"https:\/\/magonchat.com.br\/assinaturas\/?s={search_term_string}\"},\"query-input\":{\"@type\":\"PropertyValueSpecification\",\"valueRequired\":true,\"valueName\":\"search_term_string\"}}],\"inLanguage\":\"pt-BR\"},{\"@type\":\"Organization\",\"@id\":\"https:\/\/magonchat.com.br\/assinaturas\/#organization\",\"name\":\"magonChat CRM WhatsApp e Automa\u00e7\u00f5es Inteligentes\",\"url\":\"https:\/\/magonchat.com.br\/assinaturas\/\",\"logo\":{\"@type\":\"ImageObject\",\"inLanguage\":\"pt-BR\",\"@id\":\"https:\/\/magonchat.com.br\/assinaturas\/#\/schema\/logo\/image\/\",\"url\":\"https:\/\/magonchat.com.br\/assinaturas\/wp-content\/uploads\/2024\/10\/magonchat-crm-whatsapp-logo-1.webp\",\"contentUrl\":\"https:\/\/magonchat.com.br\/assinaturas\/wp-content\/uploads\/2024\/10\/magonchat-crm-whatsapp-logo-1.webp\",\"width\":450,\"height\":125,\"caption\":\"magonChat CRM WhatsApp e Automa\u00e7\u00f5es Inteligentes\"},\"image\":{\"@id\":\"https:\/\/magonchat.com.br\/assinaturas\/#\/schema\/logo\/image\/\"}}]}<\/script>\n<!-- \/ Yoast SEO plugin. -->","yoast_head_json":{"title":"Plano Intermedi\u00e1rio | Mensal - [Pre\u00e7o Especial 2024] - magonChat CRM WhatsApp e Automa\u00e7\u00f5es Inteligentes","robots":{"index":"index","follow":"follow","max-snippet":"max-snippet:-1","max-image-preview":"max-image-preview:large","max-video-preview":"max-video-preview:-1"},"canonical":"https:\/\/magonchat.com.br\/assinaturas\/produto\/intermediario-2924\/","og_locale":"pt_BR","og_type":"article","og_title":"Plano Intermedi\u00e1rio | Mensal - [Pre\u00e7o Especial 2024] - magonChat CRM WhatsApp e Automa\u00e7\u00f5es Inteligentes","og_description":"O magONchat CRM \u00e9 uma solu\u00e7\u00e3o completa para atendimento via WhatsApp, que organiza seus contatos, automatiza mensagens e integra setores em um \u00fanico n\u00famero. Ideal para empresas que desejam aumentar vendas, agilizar o atendimento e manter tudo centralizado com recursos como CRM Kanban, disparos em massa e suporte personalizado.","og_url":"https:\/\/magonchat.com.br\/assinaturas\/produto\/intermediario-2924\/","og_site_name":"magonChat CRM WhatsApp e Automa\u00e7\u00f5es Inteligentes","article_modified_time":"2025-08-18T12:58:13+00:00","og_image":[{"width":1000,"height":1000,"url":"https:\/\/magonchat.com.br\/assinaturas\/wp-content\/uploads\/2024\/12\/planos-magonchat.png","type":"image\/png"}],"twitter_card":"summary_large_image","twitter_misc":{"Est. tempo de leitura":"1 minuto"},"schema":{"@context":"https:\/\/schema.org","@graph":[{"@type":"WebPage","@id":"https:\/\/magonchat.com.br\/assinaturas\/produto\/intermediario-2924\/","url":"https:\/\/magonchat.com.br\/assinaturas\/produto\/intermediario-2924\/","name":"Plano Intermedi\u00e1rio | Mensal - [Pre\u00e7o Especial 2024] - magonChat CRM WhatsApp e Automa\u00e7\u00f5es Inteligentes","isPartOf":{"@id":"https:\/\/magonchat.com.br\/assinaturas\/#website"},"primaryImageOfPage":{"@id":"https:\/\/magonchat.com.br\/assinaturas\/produto\/intermediario-2924\/#primaryimage"},"image":{"@id":"https:\/\/magonchat.com.br\/assinaturas\/produto\/intermediario-2924\/#primaryimage"},"thumbnailUrl":"https:\/\/magonchat.com.br\/assinaturas\/wp-content\/uploads\/2024\/12\/planos-magonchat.png","datePublished":"2025-02-13T22:38:34+00:00","dateModified":"2025-08-18T12:58:13+00:00","breadcrumb":{"@id":"https:\/\/magonchat.com.br\/assinaturas\/produto\/intermediario-2924\/#breadcrumb"},"inLanguage":"pt-BR","potentialAction":[{"@type":"ReadAction","target":["https:\/\/magonchat.com.br\/assinaturas\/produto\/intermediario-2924\/"]}]},{"@type":"ImageObject","inLanguage":"pt-BR","@id":"https:\/\/magonchat.com.br\/assinaturas\/produto\/intermediario-2924\/#primaryimage","url":"https:\/\/magonchat.com.br\/assinaturas\/wp-content\/uploads\/2024\/12\/planos-magonchat.png","contentUrl":"https:\/\/magonchat.com.br\/assinaturas\/wp-content\/uploads\/2024\/12\/planos-magonchat.png","width":1000,"height":1000,"caption":"magonChat CRM WhatsApp e Automa\u00e7\u00f5es Inteligentes"},{"@type":"BreadcrumbList","@id":"https:\/\/magonchat.com.br\/assinaturas\/produto\/intermediario-2924\/#breadcrumb","itemListElement":[{"@type":"ListItem","position":1,"name":"In\u00edcio","item":"https:\/\/magonchat.com.br\/assinaturas\/"},{"@type":"ListItem","position":2,"name":"magONchat CRM WhatsApp | Loja Virtual","item":"https:\/\/magonchat.com.br\/assinaturas\/loja\/"},{"@type":"ListItem","position":3,"name":"Plano Intermedi\u00e1rio | Mensal &#8211; [Pre\u00e7o Especial 2024]"}]},{"@type":"WebSite","@id":"https:\/\/magonchat.com.br\/assinaturas\/#website","url":"https:\/\/magonchat.com.br\/assinaturas\/","name":"magonChat CRM WhatsApp e Automa\u00e7\u00f5es Inteligentes","description":"Automatize seu Atendimento no WhatsApp e Transforme Conversas em Vendas!","publisher":{"@id":"https:\/\/magonchat.com.br\/assinaturas\/#organization"},"potentialAction":[{"@type":"SearchAction","target":{"@type":"EntryPoint","urlTemplate":"https:\/\/magonchat.com.br\/assinaturas\/?s={search_term_string}"},"query-input":{"@type":"PropertyValueSpecification","valueRequired":true,"valueName":"search_term_string"}}],"inLanguage":"pt-BR"},{"@type":"Organization","@id":"https:\/\/magonchat.com.br\/assinaturas\/#organization","name":"magonChat CRM WhatsApp e Automa\u00e7\u00f5es Inteligentes","url":"https:\/\/magonchat.com.br\/assinaturas\/","logo":{"@type":"ImageObject","inLanguage":"pt-BR","@id":"https:\/\/magonchat.com.br\/assinaturas\/#\/schema\/logo\/image\/","url":"https:\/\/magonchat.com.br\/assinaturas\/wp-content\/uploads\/2024\/10\/magonchat-crm-whatsapp-logo-1.webp","contentUrl":"https:\/\/magonchat.com.br\/assinaturas\/wp-content\/uploads\/2024\/10\/magonchat-crm-whatsapp-logo-1.webp","width":450,"height":125,"caption":"magonChat CRM WhatsApp e Automa\u00e7\u00f5es Inteligentes"},"image":{"@id":"https:\/\/magonchat.com.br\/assinaturas\/#\/schema\/logo\/image\/"}}]}},"_links":{"self":[{"href":"https:\/\/magonchat.com.br\/assinaturas\/wp-json\/wp\/v2\/product\/2243","targetHints":{"allow":["GET"]}}],"collection":[{"href":"https:\/\/magonchat.com.br\/assinaturas\/wp-json\/wp\/v2\/product"}],"about":[{"href":"https:\/\/magonchat.com.br\/assinaturas\/wp-json\/wp\/v2\/types\/product"}],"replies":[{"embeddable":true,"href":"https:\/\/magonchat.com.br\/assinaturas\/wp-json\/wp\/v2\/comments?post=2243"}],"version-history":[{"count":1,"href":"https:\/\/magonchat.com.br\/assinaturas\/wp-json\/wp\/v2\/product\/2243\/revisions"}],"predecessor-version":[{"id":2246,"href":"https:\/\/magonchat.com.br\/assinaturas\/wp-json\/wp\/v2\/product\/2243\/revisions\/2246"}],"wp:featuredmedia":[{"embeddable":true,"href":"https:\/\/magonchat.com.br\/assinaturas\/wp-json\/wp\/v2\/media\/1021"}],"wp:attachment":[{"href":"https:\/\/magonchat.com.br\/assinaturas\/wp-json\/wp\/v2\/media?parent=2243"}],"wp:term":[{"taxonomy":"product_brand","embeddable":true,"href":"https:\/\/magonchat.com.br\/assinaturas\/wp-json\/wp\/v2\/product_brand?post=2243"},{"taxonomy":"product_cat","embeddable":true,"href":"https:\/\/magonchat.com.br\/assinaturas\/wp-json\/wp\/v2\/product_cat?post=2243"},{"taxonomy":"product_tag","embeddable":true,"href":"https:\/\/magonchat.com.br\/assinaturas\/wp-json\/wp\/v2\/product_tag?post=2243"}],"curies":[{"name":"wp","href":"https:\/\/api.w.org\/{rel}","templated":true}]}}