{"id":470,"date":"2024-07-24T09:55:38","date_gmt":"2024-07-24T12:55:38","guid":{"rendered":"https:\/\/magonchat.com.br\/assinaturas\/?post_type=product&#038;p=470"},"modified":"2024-12-14T15:07:50","modified_gmt":"2024-12-14T18:07:50","slug":"plano-de-teste","status":"publish","type":"product","link":"https:\/\/magonchat.com.br\/assinaturas\/produto\/plano-de-teste\/","title":{"rendered":"Plano de Teste"},"content":{"rendered":"<p>Este \u00e9 um produto de teste&#8230;<\/p>\n","protected":false},"excerpt":{"rendered":"<p>Este \u00e9 um produto de teste&#8230;<\/p>\n","protected":false},"featured_media":389,"comment_status":"open","ping_status":"closed","template":"","meta":[],"product_brand":[],"product_cat":[31],"product_tag":[],"class_list":{"0":"post-470","1":"product","2":"type-product","3":"status-publish","4":"has-post-thumbnail","6":"product_cat-sem-categoria","8":"first","9":"instock","10":"virtual","11":"purchasable","12":"product-type-simple"},"yoast_head":"<!-- This site is optimized with the Yoast SEO plugin v26.3 - https:\/\/yoast.com\/wordpress\/plugins\/seo\/ -->\n<title>Plano de Teste - magonChat CRM WhatsApp e Automa\u00e7\u00f5es Inteligentes<\/title>\n<meta name=\"robots\" content=\"index, follow, max-snippet:-1, max-image-preview:large, max-video-preview:-1\" \/>\n<link rel=\"canonical\" href=\"https:\/\/magonchat.com.br\/assinaturas\/produto\/plano-de-teste\/\" \/>\n<meta property=\"og:locale\" content=\"pt_BR\" \/>\n<meta property=\"og:type\" content=\"article\" \/>\n<meta property=\"og:title\" content=\"Plano de Teste - magonChat CRM WhatsApp e Automa\u00e7\u00f5es Inteligentes\" \/>\n<meta property=\"og:description\" content=\"Este \u00e9 um produto de teste&#8230;\" \/>\n<meta property=\"og:url\" content=\"https:\/\/magonchat.com.br\/assinaturas\/produto\/plano-de-teste\/\" \/>\n<meta property=\"og:site_name\" content=\"magonChat CRM WhatsApp e Automa\u00e7\u00f5es Inteligentes\" \/>\n<meta property=\"article:modified_time\" content=\"2024-12-14T18:07:50+00:00\" \/>\n<meta property=\"og:image\" content=\"https:\/\/magonchat.com.br\/assinaturas\/wp-content\/uploads\/2024\/07\/cropped-favicon-magonchat.png\" \/>\n\t<meta property=\"og:image:width\" content=\"512\" \/>\n\t<meta property=\"og:image:height\" content=\"512\" \/>\n\t<meta property=\"og:image:type\" content=\"image\/png\" \/>\n<meta name=\"twitter:card\" content=\"summary_large_image\" \/>\n<meta name=\"twitter:label1\" content=\"Est. tempo de leitura\" \/>\n\t<meta name=\"twitter:data1\" content=\"1 minuto\" \/>\n<script type=\"application\/ld+json\" class=\"yoast-schema-graph\">{\"@context\":\"https:\/\/schema.org\",\"@graph\":[{\"@type\":\"WebPage\",\"@id\":\"https:\/\/magonchat.com.br\/assinaturas\/produto\/plano-de-teste\/\",\"url\":\"https:\/\/magonchat.com.br\/assinaturas\/produto\/plano-de-teste\/\",\"name\":\"Plano de Teste - magonChat CRM WhatsApp e Automa\u00e7\u00f5es Inteligentes\",\"isPartOf\":{\"@id\":\"https:\/\/magonchat.com.br\/assinaturas\/#website\"},\"primaryImageOfPage\":{\"@id\":\"https:\/\/magonchat.com.br\/assinaturas\/produto\/plano-de-teste\/#primaryimage\"},\"image\":{\"@id\":\"https:\/\/magonchat.com.br\/assinaturas\/produto\/plano-de-teste\/#primaryimage\"},\"thumbnailUrl\":\"https:\/\/magonchat.com.br\/assinaturas\/wp-content\/uploads\/2024\/07\/cropped-favicon-magonchat.png\",\"datePublished\":\"2024-07-24T12:55:38+00:00\",\"dateModified\":\"2024-12-14T18:07:50+00:00\",\"breadcrumb\":{\"@id\":\"https:\/\/magonchat.com.br\/assinaturas\/produto\/plano-de-teste\/#breadcrumb\"},\"inLanguage\":\"pt-BR\",\"potentialAction\":[{\"@type\":\"ReadAction\",\"target\":[\"https:\/\/magonchat.com.br\/assinaturas\/produto\/plano-de-teste\/\"]}]},{\"@type\":\"ImageObject\",\"inLanguage\":\"pt-BR\",\"@id\":\"https:\/\/magonchat.com.br\/assinaturas\/produto\/plano-de-teste\/#primaryimage\",\"url\":\"https:\/\/magonchat.com.br\/assinaturas\/wp-content\/uploads\/2024\/07\/cropped-favicon-magonchat.png\",\"contentUrl\":\"https:\/\/magonchat.com.br\/assinaturas\/wp-content\/uploads\/2024\/07\/cropped-favicon-magonchat.png\",\"width\":512,\"height\":512,\"caption\":\"magonChat CRM WhatsApp e Automa\u00e7\u00f5es Inteligentes\"},{\"@type\":\"BreadcrumbList\",\"@id\":\"https:\/\/magonchat.com.br\/assinaturas\/produto\/plano-de-teste\/#breadcrumb\",\"itemListElement\":[{\"@type\":\"ListItem\",\"position\":1,\"name\":\"In\u00edcio\",\"item\":\"https:\/\/magonchat.com.br\/assinaturas\/\"},{\"@type\":\"ListItem\",\"position\":2,\"name\":\"magONchat CRM WhatsApp | Loja Virtual\",\"item\":\"https:\/\/magonchat.com.br\/assinaturas\/loja\/\"},{\"@type\":\"ListItem\",\"position\":3,\"name\":\"Plano de Teste\"}]},{\"@type\":\"WebSite\",\"@id\":\"https:\/\/magonchat.com.br\/assinaturas\/#website\",\"url\":\"https:\/\/magonchat.com.br\/assinaturas\/\",\"name\":\"magonChat CRM WhatsApp e Automa\u00e7\u00f5es Inteligentes\",\"description\":\"Automatize seu Atendimento no WhatsApp e Transforme Conversas em Vendas!\",\"publisher\":{\"@id\":\"https:\/\/magonchat.com.br\/assinaturas\/#organization\"},\"potentialAction\":[{\"@type\":\"SearchAction\",\"target\":{\"@type\":\"EntryPoint\",\"urlTemplate\":\"https:\/\/magonchat.com.br\/assinaturas\/?s={search_term_string}\"},\"query-input\":{\"@type\":\"PropertyValueSpecification\",\"valueRequired\":true,\"valueName\":\"search_term_string\"}}],\"inLanguage\":\"pt-BR\"},{\"@type\":\"Organization\",\"@id\":\"https:\/\/magonchat.com.br\/assinaturas\/#organization\",\"name\":\"magonChat CRM WhatsApp e Automa\u00e7\u00f5es Inteligentes\",\"url\":\"https:\/\/magonchat.com.br\/assinaturas\/\",\"logo\":{\"@type\":\"ImageObject\",\"inLanguage\":\"pt-BR\",\"@id\":\"https:\/\/magonchat.com.br\/assinaturas\/#\/schema\/logo\/image\/\",\"url\":\"https:\/\/magonchat.com.br\/assinaturas\/wp-content\/uploads\/2024\/10\/magonchat-crm-whatsapp-logo-1.webp\",\"contentUrl\":\"https:\/\/magonchat.com.br\/assinaturas\/wp-content\/uploads\/2024\/10\/magonchat-crm-whatsapp-logo-1.webp\",\"width\":450,\"height\":125,\"caption\":\"magonChat CRM WhatsApp e Automa\u00e7\u00f5es Inteligentes\"},\"image\":{\"@id\":\"https:\/\/magonchat.com.br\/assinaturas\/#\/schema\/logo\/image\/\"}}]}<\/script>\n<!-- \/ Yoast SEO plugin. -->","yoast_head_json":{"title":"Plano de Teste - magonChat CRM WhatsApp e Automa\u00e7\u00f5es Inteligentes","robots":{"index":"index","follow":"follow","max-snippet":"max-snippet:-1","max-image-preview":"max-image-preview:large","max-video-preview":"max-video-preview:-1"},"canonical":"https:\/\/magonchat.com.br\/assinaturas\/produto\/plano-de-teste\/","og_locale":"pt_BR","og_type":"article","og_title":"Plano de Teste - magonChat CRM WhatsApp e Automa\u00e7\u00f5es Inteligentes","og_description":"Este \u00e9 um produto de teste&#8230;","og_url":"https:\/\/magonchat.com.br\/assinaturas\/produto\/plano-de-teste\/","og_site_name":"magonChat CRM WhatsApp e Automa\u00e7\u00f5es Inteligentes","article_modified_time":"2024-12-14T18:07:50+00:00","og_image":[{"width":512,"height":512,"url":"https:\/\/magonchat.com.br\/assinaturas\/wp-content\/uploads\/2024\/07\/cropped-favicon-magonchat.png","type":"image\/png"}],"twitter_card":"summary_large_image","twitter_misc":{"Est. tempo de leitura":"1 minuto"},"schema":{"@context":"https:\/\/schema.org","@graph":[{"@type":"WebPage","@id":"https:\/\/magonchat.com.br\/assinaturas\/produto\/plano-de-teste\/","url":"https:\/\/magonchat.com.br\/assinaturas\/produto\/plano-de-teste\/","name":"Plano de Teste - magonChat CRM WhatsApp e Automa\u00e7\u00f5es Inteligentes","isPartOf":{"@id":"https:\/\/magonchat.com.br\/assinaturas\/#website"},"primaryImageOfPage":{"@id":"https:\/\/magonchat.com.br\/assinaturas\/produto\/plano-de-teste\/#primaryimage"},"image":{"@id":"https:\/\/magonchat.com.br\/assinaturas\/produto\/plano-de-teste\/#primaryimage"},"thumbnailUrl":"https:\/\/magonchat.com.br\/assinaturas\/wp-content\/uploads\/2024\/07\/cropped-favicon-magonchat.png","datePublished":"2024-07-24T12:55:38+00:00","dateModified":"2024-12-14T18:07:50+00:00","breadcrumb":{"@id":"https:\/\/magonchat.com.br\/assinaturas\/produto\/plano-de-teste\/#breadcrumb"},"inLanguage":"pt-BR","potentialAction":[{"@type":"ReadAction","target":["https:\/\/magonchat.com.br\/assinaturas\/produto\/plano-de-teste\/"]}]},{"@type":"ImageObject","inLanguage":"pt-BR","@id":"https:\/\/magonchat.com.br\/assinaturas\/produto\/plano-de-teste\/#primaryimage","url":"https:\/\/magonchat.com.br\/assinaturas\/wp-content\/uploads\/2024\/07\/cropped-favicon-magonchat.png","contentUrl":"https:\/\/magonchat.com.br\/assinaturas\/wp-content\/uploads\/2024\/07\/cropped-favicon-magonchat.png","width":512,"height":512,"caption":"magonChat CRM WhatsApp e Automa\u00e7\u00f5es Inteligentes"},{"@type":"BreadcrumbList","@id":"https:\/\/magonchat.com.br\/assinaturas\/produto\/plano-de-teste\/#breadcrumb","itemListElement":[{"@type":"ListItem","position":1,"name":"In\u00edcio","item":"https:\/\/magonchat.com.br\/assinaturas\/"},{"@type":"ListItem","position":2,"name":"magONchat CRM WhatsApp | Loja Virtual","item":"https:\/\/magonchat.com.br\/assinaturas\/loja\/"},{"@type":"ListItem","position":3,"name":"Plano de Teste"}]},{"@type":"WebSite","@id":"https:\/\/magonchat.com.br\/assinaturas\/#website","url":"https:\/\/magonchat.com.br\/assinaturas\/","name":"magonChat CRM WhatsApp e Automa\u00e7\u00f5es Inteligentes","description":"Automatize seu Atendimento no WhatsApp e Transforme Conversas em Vendas!","publisher":{"@id":"https:\/\/magonchat.com.br\/assinaturas\/#organization"},"potentialAction":[{"@type":"SearchAction","target":{"@type":"EntryPoint","urlTemplate":"https:\/\/magonchat.com.br\/assinaturas\/?s={search_term_string}"},"query-input":{"@type":"PropertyValueSpecification","valueRequired":true,"valueName":"search_term_string"}}],"inLanguage":"pt-BR"},{"@type":"Organization","@id":"https:\/\/magonchat.com.br\/assinaturas\/#organization","name":"magonChat CRM WhatsApp e Automa\u00e7\u00f5es Inteligentes","url":"https:\/\/magonchat.com.br\/assinaturas\/","logo":{"@type":"ImageObject","inLanguage":"pt-BR","@id":"https:\/\/magonchat.com.br\/assinaturas\/#\/schema\/logo\/image\/","url":"https:\/\/magonchat.com.br\/assinaturas\/wp-content\/uploads\/2024\/10\/magonchat-crm-whatsapp-logo-1.webp","contentUrl":"https:\/\/magonchat.com.br\/assinaturas\/wp-content\/uploads\/2024\/10\/magonchat-crm-whatsapp-logo-1.webp","width":450,"height":125,"caption":"magonChat CRM WhatsApp e Automa\u00e7\u00f5es Inteligentes"},"image":{"@id":"https:\/\/magonchat.com.br\/assinaturas\/#\/schema\/logo\/image\/"}}]}},"_links":{"self":[{"href":"https:\/\/magonchat.com.br\/assinaturas\/wp-json\/wp\/v2\/product\/470","targetHints":{"allow":["GET"]}}],"collection":[{"href":"https:\/\/magonchat.com.br\/assinaturas\/wp-json\/wp\/v2\/product"}],"about":[{"href":"https:\/\/magonchat.com.br\/assinaturas\/wp-json\/wp\/v2\/types\/product"}],"replies":[{"embeddable":true,"href":"https:\/\/magonchat.com.br\/assinaturas\/wp-json\/wp\/v2\/comments?post=470"}],"version-history":[{"count":1,"href":"https:\/\/magonchat.com.br\/assinaturas\/wp-json\/wp\/v2\/product\/470\/revisions"}],"predecessor-version":[{"id":1250,"href":"https:\/\/magonchat.com.br\/assinaturas\/wp-json\/wp\/v2\/product\/470\/revisions\/1250"}],"wp:featuredmedia":[{"embeddable":true,"href":"https:\/\/magonchat.com.br\/assinaturas\/wp-json\/wp\/v2\/media\/389"}],"wp:attachment":[{"href":"https:\/\/magonchat.com.br\/assinaturas\/wp-json\/wp\/v2\/media?parent=470"}],"wp:term":[{"taxonomy":"product_brand","embeddable":true,"href":"https:\/\/magonchat.com.br\/assinaturas\/wp-json\/wp\/v2\/product_brand?post=470"},{"taxonomy":"product_cat","embeddable":true,"href":"https:\/\/magonchat.com.br\/assinaturas\/wp-json\/wp\/v2\/product_cat?post=470"},{"taxonomy":"product_tag","embeddable":true,"href":"https:\/\/magonchat.com.br\/assinaturas\/wp-json\/wp\/v2\/product_tag?post=470"}],"curies":[{"name":"wp","href":"https:\/\/api.w.org\/{rel}","templated":true}]}}